{"id":1063,"date":"2019-01-02T21:07:26","date_gmt":"2019-01-02T20:07:26","guid":{"rendered":"https:\/\/www.bubblydogs.ch\/?post_type=product&#038;p=1063"},"modified":"2022-11-25T00:26:32","modified_gmt":"2022-11-24T23:26:32","slug":"gamelle-chien-bioceram","status":"publish","type":"product","link":"https:\/\/www.bubblydogwash.ch\/en\/produit\/gamelle-chien-bioceram\/","title":{"rendered":"Gamelle chien Bioceram"},"content":{"rendered":"<p>Gamelle pour chien\u00a0<strong>Bioceram\u00a0<\/strong><\/p>\n<p>Comme nous le savons,\u00a0l&#8217;eau du robinet est de plus en plus pollu\u00e9e, surtout dans les zones urbaines. Nous subissons un empoisonnement r\u00e9gulier \u00e0 petites doses. L&#8217;actif innovant min\u00e9ral\u00a0minimise cet impact,\u00a0il est de nature physique et r\u00e9sulte de l&#8217;association de certains min\u00e9raux d&#8217;origine fossile, int\u00e9gr\u00e9s dans l&#8217;argile \u00e0 la fabrication des gamelles BIOCERAM.<\/p>\n<p>Dynamise, restructure et renature l\u2019eau.<\/p>\n<p>Supprime les mauvais go\u00fbts (chlore&#8230;)<\/p>\n<p>Id\u00e9al pour re-dynamiser de l&#8217;eau qui a \u00e9t\u00e9 purifi\u00e9e par un osmoseur invers\u00e9.<\/p>\n<p>Permet \u00e9galement la re-dynamisation des aliments.<\/p>\n<p><span style=\"color: #ff0000;\">SUPPORT OFFERT \u00c0 L&#8217;ACHAT DE DEUX GAMELLES<\/span><\/p>\n","protected":false},"excerpt":{"rendered":"<p>Gamelle pour chien\u00a0Bioceram\u00a0 Comme nous le savons,\u00a0l&#8217;eau du robinet est de plus en plus pollu\u00e9e, surtout dans les zones urbaines. Nous subissons un empoisonnement r\u00e9gulier \u00e0 petites doses. L&#8217;actif innovant min\u00e9ral\u00a0minimise cet impact,\u00a0il est de nature physique et r\u00e9sulte de l&#8217;association de certains min\u00e9raux d&#8217;origine fossile, int\u00e9gr\u00e9s dans l&#8217;argile \u00e0 la fabrication des gamelles BIOCERAM. [&hellip;]<\/p>\n","protected":false},"featured_media":1067,"comment_status":"open","ping_status":"closed","template":"","meta":{"_exactmetrics_skip_tracking":false,"_exactmetrics_sitenote_active":false,"_exactmetrics_sitenote_note":"","_exactmetrics_sitenote_category":0},"pwb-brand":[42],"product_cat":[91],"product_tag":[],"class_list":{"0":"post-1063","1":"product","2":"type-product","3":"status-publish","4":"has-post-thumbnail","6":"pwb-brand-wil-life","7":"product_cat-bien-etre","8":"product_shipping_class-bien-etre_decos","10":"first","11":"instock","12":"shipping-taxable","13":"purchasable","14":"product-type-variable"},"yoast_head":"<!-- This site is optimized with the Yoast SEO plugin v22.2 - https:\/\/yoast.com\/wordpress\/plugins\/seo\/ -->\n<title>Gamelle chien Bioceram &#8226; Bubbly Dogs<\/title>\n<meta name=\"robots\" content=\"index, follow, max-snippet:-1, max-image-preview:large, max-video-preview:-1\" \/>\n<link rel=\"canonical\" href=\"https:\/\/www.bubblydogwash.ch\/produit\/gamelle-chien-bioceram\/\" \/>\n<meta property=\"og:locale\" content=\"en_US\" \/>\n<meta property=\"og:type\" content=\"article\" \/>\n<meta property=\"og:title\" content=\"Gamelle chien Bioceram &#8226; Bubbly Dogs\" \/>\n<meta property=\"og:description\" content=\"Gamelle pour chien\u00a0Bioceram\u00a0 Comme nous le savons,\u00a0l&#8217;eau du robinet est de plus en plus pollu\u00e9e, surtout dans les zones urbaines. Nous subissons un empoisonnement r\u00e9gulier \u00e0 petites doses. L&#8217;actif innovant min\u00e9ral\u00a0minimise cet impact,\u00a0il est de nature physique et r\u00e9sulte de l&#8217;association de certains min\u00e9raux d&#8217;origine fossile, int\u00e9gr\u00e9s dans l&#8217;argile \u00e0 la fabrication des gamelles BIOCERAM. [&hellip;]\" \/>\n<meta property=\"og:url\" content=\"https:\/\/www.bubblydogwash.ch\/produit\/gamelle-chien-bioceram\/\" \/>\n<meta property=\"og:site_name\" content=\"Bubbly Dogs\" \/>\n<meta property=\"article:publisher\" content=\"https:\/\/www.facebook.com\/bubblydogwash\/\" \/>\n<meta property=\"article:modified_time\" content=\"2022-11-24T23:26:32+00:00\" \/>\n<meta property=\"og:image\" content=\"https:\/\/www.bubblydogwash.ch\/wp-content\/uploads\/2019\/01\/Gamelle.jpg\" \/>\n\t<meta property=\"og:image:width\" content=\"3024\" \/>\n\t<meta property=\"og:image:height\" content=\"2551\" \/>\n\t<meta property=\"og:image:type\" content=\"image\/jpeg\" \/>\n<meta name=\"twitter:card\" content=\"summary_large_image\" \/>\n<meta name=\"twitter:label1\" content=\"Est. reading time\" \/>\n\t<meta name=\"twitter:data1\" content=\"1 minute\" \/>\n<script type=\"application\/ld+json\" class=\"yoast-schema-graph\">{\"@context\":\"https:\/\/schema.org\",\"@graph\":[{\"@type\":\"WebPage\",\"@id\":\"https:\/\/www.bubblydogwash.ch\/produit\/gamelle-chien-bioceram\/\",\"url\":\"https:\/\/www.bubblydogwash.ch\/produit\/gamelle-chien-bioceram\/\",\"name\":\"Gamelle chien Bioceram &#8226; Bubbly Dogs\",\"isPartOf\":{\"@id\":\"https:\/\/www.bubblydogwash.ch\/#website\"},\"primaryImageOfPage\":{\"@id\":\"https:\/\/www.bubblydogwash.ch\/produit\/gamelle-chien-bioceram\/#primaryimage\"},\"image\":{\"@id\":\"https:\/\/www.bubblydogwash.ch\/produit\/gamelle-chien-bioceram\/#primaryimage\"},\"thumbnailUrl\":\"https:\/\/www.bubblydogwash.ch\/wp-content\/uploads\/2019\/01\/Gamelle.jpg\",\"datePublished\":\"2019-01-02T20:07:26+00:00\",\"dateModified\":\"2022-11-24T23:26:32+00:00\",\"breadcrumb\":{\"@id\":\"https:\/\/www.bubblydogwash.ch\/produit\/gamelle-chien-bioceram\/#breadcrumb\"},\"inLanguage\":\"en-US\",\"potentialAction\":[{\"@type\":\"ReadAction\",\"target\":[\"https:\/\/www.bubblydogwash.ch\/produit\/gamelle-chien-bioceram\/\"]}]},{\"@type\":\"ImageObject\",\"inLanguage\":\"en-US\",\"@id\":\"https:\/\/www.bubblydogwash.ch\/produit\/gamelle-chien-bioceram\/#primaryimage\",\"url\":\"https:\/\/www.bubblydogwash.ch\/wp-content\/uploads\/2019\/01\/Gamelle.jpg\",\"contentUrl\":\"https:\/\/www.bubblydogwash.ch\/wp-content\/uploads\/2019\/01\/Gamelle.jpg\",\"width\":3024,\"height\":2551},{\"@type\":\"BreadcrumbList\",\"@id\":\"https:\/\/www.bubblydogwash.ch\/produit\/gamelle-chien-bioceram\/#breadcrumb\",\"itemListElement\":[{\"@type\":\"ListItem\",\"position\":1,\"name\":\"Accueil\",\"item\":\"https:\/\/www.bubblydogwash.ch\/\"},{\"@type\":\"ListItem\",\"position\":2,\"name\":\"Shop\",\"item\":\"https:\/\/www.bubblydogwash.ch\/en\/shop\/\"},{\"@type\":\"ListItem\",\"position\":3,\"name\":\"Gamelle chien Bioceram\"}]},{\"@type\":\"WebSite\",\"@id\":\"https:\/\/www.bubblydogwash.ch\/#website\",\"url\":\"https:\/\/www.bubblydogwash.ch\/\",\"name\":\"Bubbly Dogs\",\"description\":\"Wash it yourself\",\"publisher\":{\"@id\":\"https:\/\/www.bubblydogwash.ch\/#organization\"},\"potentialAction\":[{\"@type\":\"SearchAction\",\"target\":{\"@type\":\"EntryPoint\",\"urlTemplate\":\"https:\/\/www.bubblydogwash.ch\/?s={search_term_string}\"},\"query-input\":\"required name=search_term_string\"}],\"inLanguage\":\"en-US\"},{\"@type\":\"Organization\",\"@id\":\"https:\/\/www.bubblydogwash.ch\/#organization\",\"name\":\"Bubbly Dogs\",\"url\":\"https:\/\/www.bubblydogwash.ch\/\",\"logo\":{\"@type\":\"ImageObject\",\"inLanguage\":\"en-US\",\"@id\":\"https:\/\/www.bubblydogwash.ch\/#\/schema\/logo\/image\/\",\"url\":\"https:\/\/www.bubblydogwash.ch\/wp-content\/uploads\/2018\/09\/logo_bubblydogs.png\",\"contentUrl\":\"https:\/\/www.bubblydogwash.ch\/wp-content\/uploads\/2018\/09\/logo_bubblydogs.png\",\"width\":176,\"height\":176,\"caption\":\"Bubbly Dogs\"},\"image\":{\"@id\":\"https:\/\/www.bubblydogwash.ch\/#\/schema\/logo\/image\/\"},\"sameAs\":[\"https:\/\/www.facebook.com\/bubblydogwash\/\",\"https:\/\/www.instagram.com\/bubbly_dogs\/\"]}]}<\/script>\n<!-- \/ Yoast SEO plugin. -->","yoast_head_json":{"title":"Gamelle chien Bioceram &#8226; Bubbly Dogs","robots":{"index":"index","follow":"follow","max-snippet":"max-snippet:-1","max-image-preview":"max-image-preview:large","max-video-preview":"max-video-preview:-1"},"canonical":"https:\/\/www.bubblydogwash.ch\/produit\/gamelle-chien-bioceram\/","og_locale":"en_US","og_type":"article","og_title":"Gamelle chien Bioceram &#8226; Bubbly Dogs","og_description":"Gamelle pour chien\u00a0Bioceram\u00a0 Comme nous le savons,\u00a0l&#8217;eau du robinet est de plus en plus pollu\u00e9e, surtout dans les zones urbaines. Nous subissons un empoisonnement r\u00e9gulier \u00e0 petites doses. L&#8217;actif innovant min\u00e9ral\u00a0minimise cet impact,\u00a0il est de nature physique et r\u00e9sulte de l&#8217;association de certains min\u00e9raux d&#8217;origine fossile, int\u00e9gr\u00e9s dans l&#8217;argile \u00e0 la fabrication des gamelles BIOCERAM. [&hellip;]","og_url":"https:\/\/www.bubblydogwash.ch\/produit\/gamelle-chien-bioceram\/","og_site_name":"Bubbly Dogs","article_publisher":"https:\/\/www.facebook.com\/bubblydogwash\/","article_modified_time":"2022-11-24T23:26:32+00:00","og_image":[{"width":3024,"height":2551,"url":"https:\/\/www.bubblydogwash.ch\/wp-content\/uploads\/2019\/01\/Gamelle.jpg","type":"image\/jpeg"}],"twitter_card":"summary_large_image","twitter_misc":{"Est. reading time":"1 minute"},"schema":{"@context":"https:\/\/schema.org","@graph":[{"@type":"WebPage","@id":"https:\/\/www.bubblydogwash.ch\/produit\/gamelle-chien-bioceram\/","url":"https:\/\/www.bubblydogwash.ch\/produit\/gamelle-chien-bioceram\/","name":"Gamelle chien Bioceram &#8226; Bubbly Dogs","isPartOf":{"@id":"https:\/\/www.bubblydogwash.ch\/#website"},"primaryImageOfPage":{"@id":"https:\/\/www.bubblydogwash.ch\/produit\/gamelle-chien-bioceram\/#primaryimage"},"image":{"@id":"https:\/\/www.bubblydogwash.ch\/produit\/gamelle-chien-bioceram\/#primaryimage"},"thumbnailUrl":"https:\/\/www.bubblydogwash.ch\/wp-content\/uploads\/2019\/01\/Gamelle.jpg","datePublished":"2019-01-02T20:07:26+00:00","dateModified":"2022-11-24T23:26:32+00:00","breadcrumb":{"@id":"https:\/\/www.bubblydogwash.ch\/produit\/gamelle-chien-bioceram\/#breadcrumb"},"inLanguage":"en-US","potentialAction":[{"@type":"ReadAction","target":["https:\/\/www.bubblydogwash.ch\/produit\/gamelle-chien-bioceram\/"]}]},{"@type":"ImageObject","inLanguage":"en-US","@id":"https:\/\/www.bubblydogwash.ch\/produit\/gamelle-chien-bioceram\/#primaryimage","url":"https:\/\/www.bubblydogwash.ch\/wp-content\/uploads\/2019\/01\/Gamelle.jpg","contentUrl":"https:\/\/www.bubblydogwash.ch\/wp-content\/uploads\/2019\/01\/Gamelle.jpg","width":3024,"height":2551},{"@type":"BreadcrumbList","@id":"https:\/\/www.bubblydogwash.ch\/produit\/gamelle-chien-bioceram\/#breadcrumb","itemListElement":[{"@type":"ListItem","position":1,"name":"Accueil","item":"https:\/\/www.bubblydogwash.ch\/"},{"@type":"ListItem","position":2,"name":"Shop","item":"https:\/\/www.bubblydogwash.ch\/en\/shop\/"},{"@type":"ListItem","position":3,"name":"Gamelle chien Bioceram"}]},{"@type":"WebSite","@id":"https:\/\/www.bubblydogwash.ch\/#website","url":"https:\/\/www.bubblydogwash.ch\/","name":"Bubbly Dogs","description":"Wash it yourself","publisher":{"@id":"https:\/\/www.bubblydogwash.ch\/#organization"},"potentialAction":[{"@type":"SearchAction","target":{"@type":"EntryPoint","urlTemplate":"https:\/\/www.bubblydogwash.ch\/?s={search_term_string}"},"query-input":"required name=search_term_string"}],"inLanguage":"en-US"},{"@type":"Organization","@id":"https:\/\/www.bubblydogwash.ch\/#organization","name":"Bubbly Dogs","url":"https:\/\/www.bubblydogwash.ch\/","logo":{"@type":"ImageObject","inLanguage":"en-US","@id":"https:\/\/www.bubblydogwash.ch\/#\/schema\/logo\/image\/","url":"https:\/\/www.bubblydogwash.ch\/wp-content\/uploads\/2018\/09\/logo_bubblydogs.png","contentUrl":"https:\/\/www.bubblydogwash.ch\/wp-content\/uploads\/2018\/09\/logo_bubblydogs.png","width":176,"height":176,"caption":"Bubbly Dogs"},"image":{"@id":"https:\/\/www.bubblydogwash.ch\/#\/schema\/logo\/image\/"},"sameAs":["https:\/\/www.facebook.com\/bubblydogwash\/","https:\/\/www.instagram.com\/bubbly_dogs\/"]}]}},"brands":[{"id":42,"name":"Wil.life","slug":"wil-life"}],"_links":{"self":[{"href":"https:\/\/www.bubblydogwash.ch\/en\/wp-json\/wp\/v2\/product\/1063","targetHints":{"allow":["GET"]}}],"collection":[{"href":"https:\/\/www.bubblydogwash.ch\/en\/wp-json\/wp\/v2\/product"}],"about":[{"href":"https:\/\/www.bubblydogwash.ch\/en\/wp-json\/wp\/v2\/types\/product"}],"replies":[{"embeddable":true,"href":"https:\/\/www.bubblydogwash.ch\/en\/wp-json\/wp\/v2\/comments?post=1063"}],"wp:featuredmedia":[{"embeddable":true,"href":"https:\/\/www.bubblydogwash.ch\/en\/wp-json\/wp\/v2\/media\/1067"}],"wp:attachment":[{"href":"https:\/\/www.bubblydogwash.ch\/en\/wp-json\/wp\/v2\/media?parent=1063"}],"wp:term":[{"taxonomy":"pwb-brand","embeddable":true,"href":"https:\/\/www.bubblydogwash.ch\/en\/wp-json\/wp\/v2\/pwb-brand?post=1063"},{"taxonomy":"product_cat","embeddable":true,"href":"https:\/\/www.bubblydogwash.ch\/en\/wp-json\/wp\/v2\/product_cat?post=1063"},{"taxonomy":"product_tag","embeddable":true,"href":"https:\/\/www.bubblydogwash.ch\/en\/wp-json\/wp\/v2\/product_tag?post=1063"}],"curies":[{"name":"wp","href":"https:\/\/api.w.org\/{rel}","templated":true}]}}