{"id":3484,"date":"2022-11-20T21:55:26","date_gmt":"2022-11-20T20:55:26","guid":{"rendered":"https:\/\/www.bubblydogs.ch\/?post_type=product&#038;p=3484"},"modified":"2022-11-25T00:21:32","modified_gmt":"2022-11-24T23:21:32","slug":"bague-doree-rose","status":"publish","type":"product","link":"https:\/\/www.bubblydogwash.ch\/en\/produit\/bague-doree-rose\/","title":{"rendered":"Bague"},"content":{"rendered":"<p>Puissance de l&#8217;aimant : 0,12 tesla<br \/>\nMat\u00e9riel : acier plaqu\u00e9 ionique ros\u00e9<br \/>\nFinition de surface : poli<br \/>\nCouleurs : tons d&#8217;or rose<\/p>\n<p>&nbsp;<\/p>\n<p>&nbsp;<\/p>\n<p>&nbsp;<\/p>\n","protected":false},"excerpt":{"rendered":"<p>Pour elle et pour lui<\/p>\n<p>Bague dor\u00e9e rose<br \/>\nTaille 18<\/p>\n<p>&nbsp;<\/p>\n","protected":false},"featured_media":3485,"comment_status":"open","ping_status":"closed","template":"","meta":{"_exactmetrics_skip_tracking":false,"_exactmetrics_sitenote_active":false,"_exactmetrics_sitenote_note":"","_exactmetrics_sitenote_category":0},"pwb-brand":[40],"product_cat":[44],"product_tag":[],"class_list":{"0":"post-3484","1":"product","2":"type-product","3":"status-publish","4":"has-post-thumbnail","6":"pwb-brand-energetix","7":"product_cat-bijoux","8":"product_shipping_class-bijoux","10":"first","11":"instock","12":"shipping-taxable","13":"purchasable","14":"product-type-simple"},"yoast_head":"<!-- This site is optimized with the Yoast SEO plugin v22.2 - https:\/\/yoast.com\/wordpress\/plugins\/seo\/ -->\n<title>Bague &#8226; Bubbly Dogs<\/title>\n<meta name=\"robots\" content=\"index, follow, max-snippet:-1, max-image-preview:large, max-video-preview:-1\" \/>\n<link rel=\"canonical\" href=\"https:\/\/www.bubblydogwash.ch\/produit\/bague-doree-rose\/\" \/>\n<meta property=\"og:locale\" content=\"en_US\" \/>\n<meta property=\"og:type\" content=\"article\" \/>\n<meta property=\"og:title\" content=\"Bague &#8226; Bubbly Dogs\" \/>\n<meta property=\"og:description\" content=\"Pour elle et pour lui  Bague dor\u00e9e rose Taille 18  &nbsp;\" \/>\n<meta property=\"og:url\" content=\"https:\/\/www.bubblydogwash.ch\/produit\/bague-doree-rose\/\" \/>\n<meta property=\"og:site_name\" content=\"Bubbly Dogs\" \/>\n<meta property=\"article:publisher\" content=\"https:\/\/www.facebook.com\/bubblydogwash\/\" \/>\n<meta property=\"article:modified_time\" content=\"2022-11-24T23:21:32+00:00\" \/>\n<meta property=\"og:image\" content=\"https:\/\/www.bubblydogwash.ch\/wp-content\/uploads\/2022\/11\/3368-8_Bague-doree.png\" \/>\n\t<meta property=\"og:image:width\" content=\"576\" \/>\n\t<meta property=\"og:image:height\" content=\"510\" \/>\n\t<meta property=\"og:image:type\" content=\"image\/png\" \/>\n<meta name=\"twitter:card\" content=\"summary_large_image\" \/>\n<meta name=\"twitter:label1\" content=\"Est. reading time\" \/>\n\t<meta name=\"twitter:data1\" content=\"1 minute\" \/>\n<script type=\"application\/ld+json\" class=\"yoast-schema-graph\">{\"@context\":\"https:\/\/schema.org\",\"@graph\":[{\"@type\":\"WebPage\",\"@id\":\"https:\/\/www.bubblydogwash.ch\/produit\/bague-doree-rose\/\",\"url\":\"https:\/\/www.bubblydogwash.ch\/produit\/bague-doree-rose\/\",\"name\":\"Bague &#8226; Bubbly Dogs\",\"isPartOf\":{\"@id\":\"https:\/\/www.bubblydogwash.ch\/#website\"},\"primaryImageOfPage\":{\"@id\":\"https:\/\/www.bubblydogwash.ch\/produit\/bague-doree-rose\/#primaryimage\"},\"image\":{\"@id\":\"https:\/\/www.bubblydogwash.ch\/produit\/bague-doree-rose\/#primaryimage\"},\"thumbnailUrl\":\"https:\/\/www.bubblydogwash.ch\/wp-content\/uploads\/2022\/11\/3368-8_Bague-doree.png\",\"datePublished\":\"2022-11-20T20:55:26+00:00\",\"dateModified\":\"2022-11-24T23:21:32+00:00\",\"breadcrumb\":{\"@id\":\"https:\/\/www.bubblydogwash.ch\/produit\/bague-doree-rose\/#breadcrumb\"},\"inLanguage\":\"en-US\",\"potentialAction\":[{\"@type\":\"ReadAction\",\"target\":[\"https:\/\/www.bubblydogwash.ch\/produit\/bague-doree-rose\/\"]}]},{\"@type\":\"ImageObject\",\"inLanguage\":\"en-US\",\"@id\":\"https:\/\/www.bubblydogwash.ch\/produit\/bague-doree-rose\/#primaryimage\",\"url\":\"https:\/\/www.bubblydogwash.ch\/wp-content\/uploads\/2022\/11\/3368-8_Bague-doree.png\",\"contentUrl\":\"https:\/\/www.bubblydogwash.ch\/wp-content\/uploads\/2022\/11\/3368-8_Bague-doree.png\",\"width\":576,\"height\":510},{\"@type\":\"BreadcrumbList\",\"@id\":\"https:\/\/www.bubblydogwash.ch\/produit\/bague-doree-rose\/#breadcrumb\",\"itemListElement\":[{\"@type\":\"ListItem\",\"position\":1,\"name\":\"Accueil\",\"item\":\"https:\/\/www.bubblydogwash.ch\/\"},{\"@type\":\"ListItem\",\"position\":2,\"name\":\"Shop\",\"item\":\"https:\/\/www.bubblydogwash.ch\/en\/shop\/\"},{\"@type\":\"ListItem\",\"position\":3,\"name\":\"Bague\"}]},{\"@type\":\"WebSite\",\"@id\":\"https:\/\/www.bubblydogwash.ch\/#website\",\"url\":\"https:\/\/www.bubblydogwash.ch\/\",\"name\":\"Bubbly Dogs\",\"description\":\"Wash it yourself\",\"publisher\":{\"@id\":\"https:\/\/www.bubblydogwash.ch\/#organization\"},\"potentialAction\":[{\"@type\":\"SearchAction\",\"target\":{\"@type\":\"EntryPoint\",\"urlTemplate\":\"https:\/\/www.bubblydogwash.ch\/?s={search_term_string}\"},\"query-input\":\"required name=search_term_string\"}],\"inLanguage\":\"en-US\"},{\"@type\":\"Organization\",\"@id\":\"https:\/\/www.bubblydogwash.ch\/#organization\",\"name\":\"Bubbly Dogs\",\"url\":\"https:\/\/www.bubblydogwash.ch\/\",\"logo\":{\"@type\":\"ImageObject\",\"inLanguage\":\"en-US\",\"@id\":\"https:\/\/www.bubblydogwash.ch\/#\/schema\/logo\/image\/\",\"url\":\"https:\/\/www.bubblydogwash.ch\/wp-content\/uploads\/2018\/09\/logo_bubblydogs.png\",\"contentUrl\":\"https:\/\/www.bubblydogwash.ch\/wp-content\/uploads\/2018\/09\/logo_bubblydogs.png\",\"width\":176,\"height\":176,\"caption\":\"Bubbly Dogs\"},\"image\":{\"@id\":\"https:\/\/www.bubblydogwash.ch\/#\/schema\/logo\/image\/\"},\"sameAs\":[\"https:\/\/www.facebook.com\/bubblydogwash\/\",\"https:\/\/www.instagram.com\/bubbly_dogs\/\"]}]}<\/script>\n<!-- \/ Yoast SEO plugin. -->","yoast_head_json":{"title":"Bague &#8226; Bubbly Dogs","robots":{"index":"index","follow":"follow","max-snippet":"max-snippet:-1","max-image-preview":"max-image-preview:large","max-video-preview":"max-video-preview:-1"},"canonical":"https:\/\/www.bubblydogwash.ch\/produit\/bague-doree-rose\/","og_locale":"en_US","og_type":"article","og_title":"Bague &#8226; Bubbly Dogs","og_description":"Pour elle et pour lui  Bague dor\u00e9e rose Taille 18  &nbsp;","og_url":"https:\/\/www.bubblydogwash.ch\/produit\/bague-doree-rose\/","og_site_name":"Bubbly Dogs","article_publisher":"https:\/\/www.facebook.com\/bubblydogwash\/","article_modified_time":"2022-11-24T23:21:32+00:00","og_image":[{"width":576,"height":510,"url":"https:\/\/www.bubblydogwash.ch\/wp-content\/uploads\/2022\/11\/3368-8_Bague-doree.png","type":"image\/png"}],"twitter_card":"summary_large_image","twitter_misc":{"Est. reading time":"1 minute"},"schema":{"@context":"https:\/\/schema.org","@graph":[{"@type":"WebPage","@id":"https:\/\/www.bubblydogwash.ch\/produit\/bague-doree-rose\/","url":"https:\/\/www.bubblydogwash.ch\/produit\/bague-doree-rose\/","name":"Bague &#8226; Bubbly Dogs","isPartOf":{"@id":"https:\/\/www.bubblydogwash.ch\/#website"},"primaryImageOfPage":{"@id":"https:\/\/www.bubblydogwash.ch\/produit\/bague-doree-rose\/#primaryimage"},"image":{"@id":"https:\/\/www.bubblydogwash.ch\/produit\/bague-doree-rose\/#primaryimage"},"thumbnailUrl":"https:\/\/www.bubblydogwash.ch\/wp-content\/uploads\/2022\/11\/3368-8_Bague-doree.png","datePublished":"2022-11-20T20:55:26+00:00","dateModified":"2022-11-24T23:21:32+00:00","breadcrumb":{"@id":"https:\/\/www.bubblydogwash.ch\/produit\/bague-doree-rose\/#breadcrumb"},"inLanguage":"en-US","potentialAction":[{"@type":"ReadAction","target":["https:\/\/www.bubblydogwash.ch\/produit\/bague-doree-rose\/"]}]},{"@type":"ImageObject","inLanguage":"en-US","@id":"https:\/\/www.bubblydogwash.ch\/produit\/bague-doree-rose\/#primaryimage","url":"https:\/\/www.bubblydogwash.ch\/wp-content\/uploads\/2022\/11\/3368-8_Bague-doree.png","contentUrl":"https:\/\/www.bubblydogwash.ch\/wp-content\/uploads\/2022\/11\/3368-8_Bague-doree.png","width":576,"height":510},{"@type":"BreadcrumbList","@id":"https:\/\/www.bubblydogwash.ch\/produit\/bague-doree-rose\/#breadcrumb","itemListElement":[{"@type":"ListItem","position":1,"name":"Accueil","item":"https:\/\/www.bubblydogwash.ch\/"},{"@type":"ListItem","position":2,"name":"Shop","item":"https:\/\/www.bubblydogwash.ch\/en\/shop\/"},{"@type":"ListItem","position":3,"name":"Bague"}]},{"@type":"WebSite","@id":"https:\/\/www.bubblydogwash.ch\/#website","url":"https:\/\/www.bubblydogwash.ch\/","name":"Bubbly Dogs","description":"Wash it yourself","publisher":{"@id":"https:\/\/www.bubblydogwash.ch\/#organization"},"potentialAction":[{"@type":"SearchAction","target":{"@type":"EntryPoint","urlTemplate":"https:\/\/www.bubblydogwash.ch\/?s={search_term_string}"},"query-input":"required name=search_term_string"}],"inLanguage":"en-US"},{"@type":"Organization","@id":"https:\/\/www.bubblydogwash.ch\/#organization","name":"Bubbly Dogs","url":"https:\/\/www.bubblydogwash.ch\/","logo":{"@type":"ImageObject","inLanguage":"en-US","@id":"https:\/\/www.bubblydogwash.ch\/#\/schema\/logo\/image\/","url":"https:\/\/www.bubblydogwash.ch\/wp-content\/uploads\/2018\/09\/logo_bubblydogs.png","contentUrl":"https:\/\/www.bubblydogwash.ch\/wp-content\/uploads\/2018\/09\/logo_bubblydogs.png","width":176,"height":176,"caption":"Bubbly Dogs"},"image":{"@id":"https:\/\/www.bubblydogwash.ch\/#\/schema\/logo\/image\/"},"sameAs":["https:\/\/www.facebook.com\/bubblydogwash\/","https:\/\/www.instagram.com\/bubbly_dogs\/"]}]}},"brands":[{"id":40,"name":"Energetix","slug":"energetix"}],"_links":{"self":[{"href":"https:\/\/www.bubblydogwash.ch\/en\/wp-json\/wp\/v2\/product\/3484","targetHints":{"allow":["GET"]}}],"collection":[{"href":"https:\/\/www.bubblydogwash.ch\/en\/wp-json\/wp\/v2\/product"}],"about":[{"href":"https:\/\/www.bubblydogwash.ch\/en\/wp-json\/wp\/v2\/types\/product"}],"replies":[{"embeddable":true,"href":"https:\/\/www.bubblydogwash.ch\/en\/wp-json\/wp\/v2\/comments?post=3484"}],"wp:featuredmedia":[{"embeddable":true,"href":"https:\/\/www.bubblydogwash.ch\/en\/wp-json\/wp\/v2\/media\/3485"}],"wp:attachment":[{"href":"https:\/\/www.bubblydogwash.ch\/en\/wp-json\/wp\/v2\/media?parent=3484"}],"wp:term":[{"taxonomy":"pwb-brand","embeddable":true,"href":"https:\/\/www.bubblydogwash.ch\/en\/wp-json\/wp\/v2\/pwb-brand?post=3484"},{"taxonomy":"product_cat","embeddable":true,"href":"https:\/\/www.bubblydogwash.ch\/en\/wp-json\/wp\/v2\/product_cat?post=3484"},{"taxonomy":"product_tag","embeddable":true,"href":"https:\/\/www.bubblydogwash.ch\/en\/wp-json\/wp\/v2\/product_tag?post=3484"}],"curies":[{"name":"wp","href":"https:\/\/api.w.org\/{rel}","templated":true}]}}