{"id":3559,"date":"2022-11-30T16:08:58","date_gmt":"2022-11-30T15:08:58","guid":{"rendered":"https:\/\/www.bubblydogs.ch\/?post_type=product&#038;p=3559"},"modified":"2022-11-30T16:23:39","modified_gmt":"2022-11-30T15:23:39","slug":"coeur-sans-cuivre","status":"publish","type":"product","link":"https:\/\/www.bubblydogwash.ch\/en\/produit\/coeur-sans-cuivre\/","title":{"rendered":"Coeur sans cuivre"},"content":{"rendered":"<p>Puissance de l&#8217;aimant : 0,27 tesla (plus puissant)<br \/>\nMat\u00e9riel : acier<br \/>\nFinition de surface : poli<br \/>\nCouleurs : argent\u00e9<br \/>\nLe MagnetHeart peut \u00eatre livr\u00e9 avec ou sans face cuivr\u00e9e.<\/p>\n<p>Possibilit\u00e9 de graver la pi\u00e8ce qui maintient l&#8217;aimant.<\/p>\n<p>&nbsp;<\/p>\n<p>&nbsp;<\/p>\n","protected":false},"excerpt":{"rendered":"<p>Le MagnetHeart se compose de deux parties : l\u2019\u00e9l\u00e9ment magn\u00e9tique extra puissant qui se porte sur la peau et la pi\u00e8ce compl\u00e9mentaire de m\u00eame design qui maintient l\u2019aimant depuis l\u2019ext\u00e9rieur sur les v\u00eatements.<br \/>\nCet accessoire se porte de multiples fa\u00e7ons et peut s&#8217;appliquer sur n&#8217;importe quelle partie du corps.<br \/>\nPour chaque c\u0153ur magn\u00e9tique vendu, ENERGETIX verse 2 \u20ac \u00e0 la Fondation Hugo Tempelman qui lutte contre le sida, aupr\u00e8s des plus d\u00e9sh\u00e9rit\u00e9s notamment.<\/p>\n","protected":false},"featured_media":3560,"comment_status":"open","ping_status":"closed","template":"","meta":{"_exactmetrics_skip_tracking":false,"_exactmetrics_sitenote_active":false,"_exactmetrics_sitenote_note":"","_exactmetrics_sitenote_category":0},"pwb-brand":[40],"product_cat":[44],"product_tag":[],"class_list":{"0":"post-3559","1":"product","2":"type-product","3":"status-publish","4":"has-post-thumbnail","6":"pwb-brand-energetix","7":"product_cat-bijoux","8":"product_shipping_class-bijoux","10":"first","11":"onbackorder","12":"shipping-taxable","13":"purchasable","14":"product-type-simple"},"yoast_head":"<!-- This site is optimized with the Yoast SEO plugin v22.2 - https:\/\/yoast.com\/wordpress\/plugins\/seo\/ -->\n<title>Coeur sans cuivre &#8226; Bubbly Dogs<\/title>\n<meta name=\"robots\" content=\"index, follow, max-snippet:-1, max-image-preview:large, max-video-preview:-1\" \/>\n<link rel=\"canonical\" href=\"https:\/\/www.bubblydogwash.ch\/produit\/coeur-sans-cuivre\/\" \/>\n<meta property=\"og:locale\" content=\"en_US\" \/>\n<meta property=\"og:type\" content=\"article\" \/>\n<meta property=\"og:title\" content=\"Coeur sans cuivre &#8226; Bubbly Dogs\" \/>\n<meta property=\"og:description\" content=\"Le MagnetHeart se compose de deux parties : l\u2019\u00e9l\u00e9ment magn\u00e9tique extra puissant qui se porte sur la peau et la pi\u00e8ce compl\u00e9mentaire de m\u00eame design qui maintient l\u2019aimant depuis l\u2019ext\u00e9rieur sur les v\u00eatements. Cet accessoire se porte de multiples fa\u00e7ons et peut s&#039;appliquer sur n&#039;importe quelle partie du corps. Pour chaque c\u0153ur magn\u00e9tique vendu, ENERGETIX verse 2 \u20ac \u00e0 la Fondation Hugo Tempelman qui lutte contre le sida, aupr\u00e8s des plus d\u00e9sh\u00e9rit\u00e9s notamment.\" \/>\n<meta property=\"og:url\" content=\"https:\/\/www.bubblydogwash.ch\/produit\/coeur-sans-cuivre\/\" \/>\n<meta property=\"og:site_name\" content=\"Bubbly Dogs\" \/>\n<meta property=\"article:publisher\" content=\"https:\/\/www.facebook.com\/bubblydogwash\/\" \/>\n<meta property=\"article:modified_time\" content=\"2022-11-30T15:23:39+00:00\" \/>\n<meta property=\"og:image\" content=\"https:\/\/www.bubblydogwash.ch\/wp-content\/uploads\/2022\/11\/Coeur-sans-cuivre_177.jpg\" \/>\n\t<meta property=\"og:image:width\" content=\"636\" \/>\n\t<meta property=\"og:image:height\" content=\"546\" \/>\n\t<meta property=\"og:image:type\" content=\"image\/jpeg\" \/>\n<meta name=\"twitter:card\" content=\"summary_large_image\" \/>\n<meta name=\"twitter:label1\" content=\"Est. reading time\" \/>\n\t<meta name=\"twitter:data1\" content=\"1 minute\" \/>\n<script type=\"application\/ld+json\" class=\"yoast-schema-graph\">{\"@context\":\"https:\/\/schema.org\",\"@graph\":[{\"@type\":\"WebPage\",\"@id\":\"https:\/\/www.bubblydogwash.ch\/produit\/coeur-sans-cuivre\/\",\"url\":\"https:\/\/www.bubblydogwash.ch\/produit\/coeur-sans-cuivre\/\",\"name\":\"Coeur sans cuivre &#8226; Bubbly Dogs\",\"isPartOf\":{\"@id\":\"https:\/\/www.bubblydogwash.ch\/#website\"},\"primaryImageOfPage\":{\"@id\":\"https:\/\/www.bubblydogwash.ch\/produit\/coeur-sans-cuivre\/#primaryimage\"},\"image\":{\"@id\":\"https:\/\/www.bubblydogwash.ch\/produit\/coeur-sans-cuivre\/#primaryimage\"},\"thumbnailUrl\":\"https:\/\/www.bubblydogwash.ch\/wp-content\/uploads\/2022\/11\/Coeur-sans-cuivre_177.jpg\",\"datePublished\":\"2022-11-30T15:08:58+00:00\",\"dateModified\":\"2022-11-30T15:23:39+00:00\",\"breadcrumb\":{\"@id\":\"https:\/\/www.bubblydogwash.ch\/produit\/coeur-sans-cuivre\/#breadcrumb\"},\"inLanguage\":\"en-US\",\"potentialAction\":[{\"@type\":\"ReadAction\",\"target\":[\"https:\/\/www.bubblydogwash.ch\/produit\/coeur-sans-cuivre\/\"]}]},{\"@type\":\"ImageObject\",\"inLanguage\":\"en-US\",\"@id\":\"https:\/\/www.bubblydogwash.ch\/produit\/coeur-sans-cuivre\/#primaryimage\",\"url\":\"https:\/\/www.bubblydogwash.ch\/wp-content\/uploads\/2022\/11\/Coeur-sans-cuivre_177.jpg\",\"contentUrl\":\"https:\/\/www.bubblydogwash.ch\/wp-content\/uploads\/2022\/11\/Coeur-sans-cuivre_177.jpg\",\"width\":636,\"height\":546},{\"@type\":\"BreadcrumbList\",\"@id\":\"https:\/\/www.bubblydogwash.ch\/produit\/coeur-sans-cuivre\/#breadcrumb\",\"itemListElement\":[{\"@type\":\"ListItem\",\"position\":1,\"name\":\"Accueil\",\"item\":\"https:\/\/www.bubblydogwash.ch\/\"},{\"@type\":\"ListItem\",\"position\":2,\"name\":\"Shop\",\"item\":\"https:\/\/www.bubblydogwash.ch\/en\/shop\/\"},{\"@type\":\"ListItem\",\"position\":3,\"name\":\"Coeur sans cuivre\"}]},{\"@type\":\"WebSite\",\"@id\":\"https:\/\/www.bubblydogwash.ch\/#website\",\"url\":\"https:\/\/www.bubblydogwash.ch\/\",\"name\":\"Bubbly Dogs\",\"description\":\"Wash it yourself\",\"publisher\":{\"@id\":\"https:\/\/www.bubblydogwash.ch\/#organization\"},\"potentialAction\":[{\"@type\":\"SearchAction\",\"target\":{\"@type\":\"EntryPoint\",\"urlTemplate\":\"https:\/\/www.bubblydogwash.ch\/?s={search_term_string}\"},\"query-input\":\"required name=search_term_string\"}],\"inLanguage\":\"en-US\"},{\"@type\":\"Organization\",\"@id\":\"https:\/\/www.bubblydogwash.ch\/#organization\",\"name\":\"Bubbly Dogs\",\"url\":\"https:\/\/www.bubblydogwash.ch\/\",\"logo\":{\"@type\":\"ImageObject\",\"inLanguage\":\"en-US\",\"@id\":\"https:\/\/www.bubblydogwash.ch\/#\/schema\/logo\/image\/\",\"url\":\"https:\/\/www.bubblydogwash.ch\/wp-content\/uploads\/2018\/09\/logo_bubblydogs.png\",\"contentUrl\":\"https:\/\/www.bubblydogwash.ch\/wp-content\/uploads\/2018\/09\/logo_bubblydogs.png\",\"width\":176,\"height\":176,\"caption\":\"Bubbly Dogs\"},\"image\":{\"@id\":\"https:\/\/www.bubblydogwash.ch\/#\/schema\/logo\/image\/\"},\"sameAs\":[\"https:\/\/www.facebook.com\/bubblydogwash\/\",\"https:\/\/www.instagram.com\/bubbly_dogs\/\"]}]}<\/script>\n<!-- \/ Yoast SEO plugin. -->","yoast_head_json":{"title":"Coeur sans cuivre &#8226; Bubbly Dogs","robots":{"index":"index","follow":"follow","max-snippet":"max-snippet:-1","max-image-preview":"max-image-preview:large","max-video-preview":"max-video-preview:-1"},"canonical":"https:\/\/www.bubblydogwash.ch\/produit\/coeur-sans-cuivre\/","og_locale":"en_US","og_type":"article","og_title":"Coeur sans cuivre &#8226; Bubbly Dogs","og_description":"Le MagnetHeart se compose de deux parties : l\u2019\u00e9l\u00e9ment magn\u00e9tique extra puissant qui se porte sur la peau et la pi\u00e8ce compl\u00e9mentaire de m\u00eame design qui maintient l\u2019aimant depuis l\u2019ext\u00e9rieur sur les v\u00eatements. Cet accessoire se porte de multiples fa\u00e7ons et peut s'appliquer sur n'importe quelle partie du corps. Pour chaque c\u0153ur magn\u00e9tique vendu, ENERGETIX verse 2 \u20ac \u00e0 la Fondation Hugo Tempelman qui lutte contre le sida, aupr\u00e8s des plus d\u00e9sh\u00e9rit\u00e9s notamment.","og_url":"https:\/\/www.bubblydogwash.ch\/produit\/coeur-sans-cuivre\/","og_site_name":"Bubbly Dogs","article_publisher":"https:\/\/www.facebook.com\/bubblydogwash\/","article_modified_time":"2022-11-30T15:23:39+00:00","og_image":[{"width":636,"height":546,"url":"https:\/\/www.bubblydogwash.ch\/wp-content\/uploads\/2022\/11\/Coeur-sans-cuivre_177.jpg","type":"image\/jpeg"}],"twitter_card":"summary_large_image","twitter_misc":{"Est. reading time":"1 minute"},"schema":{"@context":"https:\/\/schema.org","@graph":[{"@type":"WebPage","@id":"https:\/\/www.bubblydogwash.ch\/produit\/coeur-sans-cuivre\/","url":"https:\/\/www.bubblydogwash.ch\/produit\/coeur-sans-cuivre\/","name":"Coeur sans cuivre &#8226; Bubbly Dogs","isPartOf":{"@id":"https:\/\/www.bubblydogwash.ch\/#website"},"primaryImageOfPage":{"@id":"https:\/\/www.bubblydogwash.ch\/produit\/coeur-sans-cuivre\/#primaryimage"},"image":{"@id":"https:\/\/www.bubblydogwash.ch\/produit\/coeur-sans-cuivre\/#primaryimage"},"thumbnailUrl":"https:\/\/www.bubblydogwash.ch\/wp-content\/uploads\/2022\/11\/Coeur-sans-cuivre_177.jpg","datePublished":"2022-11-30T15:08:58+00:00","dateModified":"2022-11-30T15:23:39+00:00","breadcrumb":{"@id":"https:\/\/www.bubblydogwash.ch\/produit\/coeur-sans-cuivre\/#breadcrumb"},"inLanguage":"en-US","potentialAction":[{"@type":"ReadAction","target":["https:\/\/www.bubblydogwash.ch\/produit\/coeur-sans-cuivre\/"]}]},{"@type":"ImageObject","inLanguage":"en-US","@id":"https:\/\/www.bubblydogwash.ch\/produit\/coeur-sans-cuivre\/#primaryimage","url":"https:\/\/www.bubblydogwash.ch\/wp-content\/uploads\/2022\/11\/Coeur-sans-cuivre_177.jpg","contentUrl":"https:\/\/www.bubblydogwash.ch\/wp-content\/uploads\/2022\/11\/Coeur-sans-cuivre_177.jpg","width":636,"height":546},{"@type":"BreadcrumbList","@id":"https:\/\/www.bubblydogwash.ch\/produit\/coeur-sans-cuivre\/#breadcrumb","itemListElement":[{"@type":"ListItem","position":1,"name":"Accueil","item":"https:\/\/www.bubblydogwash.ch\/"},{"@type":"ListItem","position":2,"name":"Shop","item":"https:\/\/www.bubblydogwash.ch\/en\/shop\/"},{"@type":"ListItem","position":3,"name":"Coeur sans cuivre"}]},{"@type":"WebSite","@id":"https:\/\/www.bubblydogwash.ch\/#website","url":"https:\/\/www.bubblydogwash.ch\/","name":"Bubbly Dogs","description":"Wash it yourself","publisher":{"@id":"https:\/\/www.bubblydogwash.ch\/#organization"},"potentialAction":[{"@type":"SearchAction","target":{"@type":"EntryPoint","urlTemplate":"https:\/\/www.bubblydogwash.ch\/?s={search_term_string}"},"query-input":"required name=search_term_string"}],"inLanguage":"en-US"},{"@type":"Organization","@id":"https:\/\/www.bubblydogwash.ch\/#organization","name":"Bubbly Dogs","url":"https:\/\/www.bubblydogwash.ch\/","logo":{"@type":"ImageObject","inLanguage":"en-US","@id":"https:\/\/www.bubblydogwash.ch\/#\/schema\/logo\/image\/","url":"https:\/\/www.bubblydogwash.ch\/wp-content\/uploads\/2018\/09\/logo_bubblydogs.png","contentUrl":"https:\/\/www.bubblydogwash.ch\/wp-content\/uploads\/2018\/09\/logo_bubblydogs.png","width":176,"height":176,"caption":"Bubbly Dogs"},"image":{"@id":"https:\/\/www.bubblydogwash.ch\/#\/schema\/logo\/image\/"},"sameAs":["https:\/\/www.facebook.com\/bubblydogwash\/","https:\/\/www.instagram.com\/bubbly_dogs\/"]}]}},"brands":[{"id":40,"name":"Energetix","slug":"energetix"}],"_links":{"self":[{"href":"https:\/\/www.bubblydogwash.ch\/en\/wp-json\/wp\/v2\/product\/3559","targetHints":{"allow":["GET"]}}],"collection":[{"href":"https:\/\/www.bubblydogwash.ch\/en\/wp-json\/wp\/v2\/product"}],"about":[{"href":"https:\/\/www.bubblydogwash.ch\/en\/wp-json\/wp\/v2\/types\/product"}],"replies":[{"embeddable":true,"href":"https:\/\/www.bubblydogwash.ch\/en\/wp-json\/wp\/v2\/comments?post=3559"}],"wp:featuredmedia":[{"embeddable":true,"href":"https:\/\/www.bubblydogwash.ch\/en\/wp-json\/wp\/v2\/media\/3560"}],"wp:attachment":[{"href":"https:\/\/www.bubblydogwash.ch\/en\/wp-json\/wp\/v2\/media?parent=3559"}],"wp:term":[{"taxonomy":"pwb-brand","embeddable":true,"href":"https:\/\/www.bubblydogwash.ch\/en\/wp-json\/wp\/v2\/pwb-brand?post=3559"},{"taxonomy":"product_cat","embeddable":true,"href":"https:\/\/www.bubblydogwash.ch\/en\/wp-json\/wp\/v2\/product_cat?post=3559"},{"taxonomy":"product_tag","embeddable":true,"href":"https:\/\/www.bubblydogwash.ch\/en\/wp-json\/wp\/v2\/product_tag?post=3559"}],"curies":[{"name":"wp","href":"https:\/\/api.w.org\/{rel}","templated":true}]}}