{"id":3654,"date":"2023-03-20T10:56:26","date_gmt":"2023-03-20T09:56:26","guid":{"rendered":"https:\/\/www.bubblydogs.ch\/?post_type=product&#038;p=3654"},"modified":"2023-03-20T12:12:00","modified_gmt":"2023-03-20T11:12:00","slug":"tic-clip-protection-contre-tiques-puces-chien-chat-cheval","status":"publish","type":"product","link":"https:\/\/www.bubblydogwash.ch\/en\/produit\/tic-clip-protection-contre-tiques-puces-chien-chat-cheval\/","title":{"rendered":"Tic-Clip"},"content":{"rendered":"<p>Au bout de 3 jours votre animal est compl\u00e8tement prot\u00e9g\u00e9.<br \/>\nD\u00e9range les acariens et les insectes volants.<br \/>\nLa tic-clip doit \u00eatre port\u00e9e continuellement, elle peut \u00eatre retir\u00e9e la nuit mais doit rester \u00e0 proximit\u00e9 de votre animal.<\/p>\n","protected":false},"excerpt":{"rendered":"<p>Protection contre les tiques et les puces.<\/p>\n<ul>\n<li>efficacit\u00e9 jusqu&#8217;\u00e0 2 ans<\/li>\n<li>r\u00e9sistant \u00e0 l&#8217;eau<\/li>\n<li>bio\u00e9nerg\u00e9tique<\/li>\n<li>sans odeur<\/li>\n<li>sans insecticide<\/li>\n<\/ul>\n<p><span style=\"color: #ff0000;\"><strong>Promotion CHF 34.00 avec code 10TICCLIP<br \/>\nJusqu&#8217;au 31.03.2023 + port gratuit<\/strong><\/span><\/p>\n","protected":false},"featured_media":3655,"comment_status":"open","ping_status":"closed","template":"","meta":{"_exactmetrics_skip_tracking":false,"_exactmetrics_sitenote_active":false,"_exactmetrics_sitenote_note":"","_exactmetrics_sitenote_category":0},"pwb-brand":[],"product_cat":[100],"product_tag":[],"class_list":{"0":"post-3654","1":"product","2":"type-product","3":"status-publish","4":"has-post-thumbnail","6":"product_cat-soins-autres","7":"product_shipping_class-soins-autres","9":"first","10":"instock","11":"shipping-taxable","12":"purchasable","13":"product-type-simple"},"yoast_head":"<!-- This site is optimized with the Yoast SEO plugin v22.2 - https:\/\/yoast.com\/wordpress\/plugins\/seo\/ -->\n<title>Tic-Clip &#8226; Bubbly Dogs<\/title>\n<meta name=\"description\" content=\"M\u00e9daille qui apporte une protection efficace et durable contre les tiques et les puces Bubbly Dogs Tic-Clip &#8226;\" \/>\n<meta name=\"robots\" content=\"index, follow, max-snippet:-1, max-image-preview:large, max-video-preview:-1\" \/>\n<link rel=\"canonical\" href=\"https:\/\/www.bubblydogwash.ch\/produit\/tic-clip-protection-contre-tiques-puces-chien-chat-cheval\/\" \/>\n<meta property=\"og:locale\" content=\"en_US\" \/>\n<meta property=\"og:type\" content=\"article\" \/>\n<meta property=\"og:title\" content=\"Tic-Clip &#8226; Bubbly Dogs\" \/>\n<meta property=\"og:description\" content=\"M\u00e9daille qui apporte une protection efficace et durable contre les tiques et les puces Bubbly Dogs Tic-Clip &#8226;\" \/>\n<meta property=\"og:url\" content=\"https:\/\/www.bubblydogwash.ch\/produit\/tic-clip-protection-contre-tiques-puces-chien-chat-cheval\/\" \/>\n<meta property=\"og:site_name\" content=\"Bubbly Dogs\" \/>\n<meta property=\"article:publisher\" content=\"https:\/\/www.facebook.com\/bubblydogwash\/\" \/>\n<meta property=\"article:modified_time\" content=\"2023-03-20T11:12:00+00:00\" \/>\n<meta property=\"og:image\" content=\"https:\/\/www.bubblydogwash.ch\/wp-content\/uploads\/2023\/03\/IMG_0234-scaled.jpeg\" \/>\n\t<meta property=\"og:image:width\" content=\"2048\" \/>\n\t<meta property=\"og:image:height\" content=\"1536\" \/>\n\t<meta property=\"og:image:type\" content=\"image\/jpeg\" \/>\n<meta name=\"twitter:card\" content=\"summary_large_image\" \/>\n<meta name=\"twitter:label1\" content=\"Est. reading time\" \/>\n\t<meta name=\"twitter:data1\" content=\"1 minute\" \/>\n<script type=\"application\/ld+json\" class=\"yoast-schema-graph\">{\"@context\":\"https:\/\/schema.org\",\"@graph\":[{\"@type\":\"WebPage\",\"@id\":\"https:\/\/www.bubblydogwash.ch\/produit\/tic-clip-protection-contre-tiques-puces-chien-chat-cheval\/\",\"url\":\"https:\/\/www.bubblydogwash.ch\/produit\/tic-clip-protection-contre-tiques-puces-chien-chat-cheval\/\",\"name\":\"Tic-Clip &#8226; Bubbly Dogs\",\"isPartOf\":{\"@id\":\"https:\/\/www.bubblydogwash.ch\/#website\"},\"primaryImageOfPage\":{\"@id\":\"https:\/\/www.bubblydogwash.ch\/produit\/tic-clip-protection-contre-tiques-puces-chien-chat-cheval\/#primaryimage\"},\"image\":{\"@id\":\"https:\/\/www.bubblydogwash.ch\/produit\/tic-clip-protection-contre-tiques-puces-chien-chat-cheval\/#primaryimage\"},\"thumbnailUrl\":\"https:\/\/www.bubblydogwash.ch\/wp-content\/uploads\/2023\/03\/IMG_0234-scaled.jpeg\",\"datePublished\":\"2023-03-20T09:56:26+00:00\",\"dateModified\":\"2023-03-20T11:12:00+00:00\",\"description\":\"M\u00e9daille qui apporte une protection efficace et durable contre les tiques et les puces Bubbly Dogs Tic-Clip &#8226;\",\"breadcrumb\":{\"@id\":\"https:\/\/www.bubblydogwash.ch\/produit\/tic-clip-protection-contre-tiques-puces-chien-chat-cheval\/#breadcrumb\"},\"inLanguage\":\"en-US\",\"potentialAction\":[{\"@type\":\"ReadAction\",\"target\":[\"https:\/\/www.bubblydogwash.ch\/produit\/tic-clip-protection-contre-tiques-puces-chien-chat-cheval\/\"]}]},{\"@type\":\"ImageObject\",\"inLanguage\":\"en-US\",\"@id\":\"https:\/\/www.bubblydogwash.ch\/produit\/tic-clip-protection-contre-tiques-puces-chien-chat-cheval\/#primaryimage\",\"url\":\"https:\/\/www.bubblydogwash.ch\/wp-content\/uploads\/2023\/03\/IMG_0234-scaled.jpeg\",\"contentUrl\":\"https:\/\/www.bubblydogwash.ch\/wp-content\/uploads\/2023\/03\/IMG_0234-scaled.jpeg\",\"width\":2048,\"height\":1536},{\"@type\":\"BreadcrumbList\",\"@id\":\"https:\/\/www.bubblydogwash.ch\/produit\/tic-clip-protection-contre-tiques-puces-chien-chat-cheval\/#breadcrumb\",\"itemListElement\":[{\"@type\":\"ListItem\",\"position\":1,\"name\":\"Accueil\",\"item\":\"https:\/\/www.bubblydogwash.ch\/\"},{\"@type\":\"ListItem\",\"position\":2,\"name\":\"Shop\",\"item\":\"https:\/\/www.bubblydogwash.ch\/en\/shop\/\"},{\"@type\":\"ListItem\",\"position\":3,\"name\":\"Tic-Clip\"}]},{\"@type\":\"WebSite\",\"@id\":\"https:\/\/www.bubblydogwash.ch\/#website\",\"url\":\"https:\/\/www.bubblydogwash.ch\/\",\"name\":\"Bubbly Dogs\",\"description\":\"Wash it yourself\",\"publisher\":{\"@id\":\"https:\/\/www.bubblydogwash.ch\/#organization\"},\"potentialAction\":[{\"@type\":\"SearchAction\",\"target\":{\"@type\":\"EntryPoint\",\"urlTemplate\":\"https:\/\/www.bubblydogwash.ch\/?s={search_term_string}\"},\"query-input\":\"required name=search_term_string\"}],\"inLanguage\":\"en-US\"},{\"@type\":\"Organization\",\"@id\":\"https:\/\/www.bubblydogwash.ch\/#organization\",\"name\":\"Bubbly Dogs\",\"url\":\"https:\/\/www.bubblydogwash.ch\/\",\"logo\":{\"@type\":\"ImageObject\",\"inLanguage\":\"en-US\",\"@id\":\"https:\/\/www.bubblydogwash.ch\/#\/schema\/logo\/image\/\",\"url\":\"https:\/\/www.bubblydogwash.ch\/wp-content\/uploads\/2018\/09\/logo_bubblydogs.png\",\"contentUrl\":\"https:\/\/www.bubblydogwash.ch\/wp-content\/uploads\/2018\/09\/logo_bubblydogs.png\",\"width\":176,\"height\":176,\"caption\":\"Bubbly Dogs\"},\"image\":{\"@id\":\"https:\/\/www.bubblydogwash.ch\/#\/schema\/logo\/image\/\"},\"sameAs\":[\"https:\/\/www.facebook.com\/bubblydogwash\/\",\"https:\/\/www.instagram.com\/bubbly_dogs\/\"]}]}<\/script>\n<!-- \/ Yoast SEO plugin. -->","yoast_head_json":{"title":"Tic-Clip &#8226; Bubbly Dogs","description":"M\u00e9daille qui apporte une protection efficace et durable contre les tiques et les puces Bubbly Dogs Tic-Clip &#8226;","robots":{"index":"index","follow":"follow","max-snippet":"max-snippet:-1","max-image-preview":"max-image-preview:large","max-video-preview":"max-video-preview:-1"},"canonical":"https:\/\/www.bubblydogwash.ch\/produit\/tic-clip-protection-contre-tiques-puces-chien-chat-cheval\/","og_locale":"en_US","og_type":"article","og_title":"Tic-Clip &#8226; Bubbly Dogs","og_description":"M\u00e9daille qui apporte une protection efficace et durable contre les tiques et les puces Bubbly Dogs Tic-Clip &#8226;","og_url":"https:\/\/www.bubblydogwash.ch\/produit\/tic-clip-protection-contre-tiques-puces-chien-chat-cheval\/","og_site_name":"Bubbly Dogs","article_publisher":"https:\/\/www.facebook.com\/bubblydogwash\/","article_modified_time":"2023-03-20T11:12:00+00:00","og_image":[{"width":2048,"height":1536,"url":"https:\/\/www.bubblydogwash.ch\/wp-content\/uploads\/2023\/03\/IMG_0234-scaled.jpeg","type":"image\/jpeg"}],"twitter_card":"summary_large_image","twitter_misc":{"Est. reading time":"1 minute"},"schema":{"@context":"https:\/\/schema.org","@graph":[{"@type":"WebPage","@id":"https:\/\/www.bubblydogwash.ch\/produit\/tic-clip-protection-contre-tiques-puces-chien-chat-cheval\/","url":"https:\/\/www.bubblydogwash.ch\/produit\/tic-clip-protection-contre-tiques-puces-chien-chat-cheval\/","name":"Tic-Clip &#8226; Bubbly Dogs","isPartOf":{"@id":"https:\/\/www.bubblydogwash.ch\/#website"},"primaryImageOfPage":{"@id":"https:\/\/www.bubblydogwash.ch\/produit\/tic-clip-protection-contre-tiques-puces-chien-chat-cheval\/#primaryimage"},"image":{"@id":"https:\/\/www.bubblydogwash.ch\/produit\/tic-clip-protection-contre-tiques-puces-chien-chat-cheval\/#primaryimage"},"thumbnailUrl":"https:\/\/www.bubblydogwash.ch\/wp-content\/uploads\/2023\/03\/IMG_0234-scaled.jpeg","datePublished":"2023-03-20T09:56:26+00:00","dateModified":"2023-03-20T11:12:00+00:00","description":"M\u00e9daille qui apporte une protection efficace et durable contre les tiques et les puces Bubbly Dogs Tic-Clip &#8226;","breadcrumb":{"@id":"https:\/\/www.bubblydogwash.ch\/produit\/tic-clip-protection-contre-tiques-puces-chien-chat-cheval\/#breadcrumb"},"inLanguage":"en-US","potentialAction":[{"@type":"ReadAction","target":["https:\/\/www.bubblydogwash.ch\/produit\/tic-clip-protection-contre-tiques-puces-chien-chat-cheval\/"]}]},{"@type":"ImageObject","inLanguage":"en-US","@id":"https:\/\/www.bubblydogwash.ch\/produit\/tic-clip-protection-contre-tiques-puces-chien-chat-cheval\/#primaryimage","url":"https:\/\/www.bubblydogwash.ch\/wp-content\/uploads\/2023\/03\/IMG_0234-scaled.jpeg","contentUrl":"https:\/\/www.bubblydogwash.ch\/wp-content\/uploads\/2023\/03\/IMG_0234-scaled.jpeg","width":2048,"height":1536},{"@type":"BreadcrumbList","@id":"https:\/\/www.bubblydogwash.ch\/produit\/tic-clip-protection-contre-tiques-puces-chien-chat-cheval\/#breadcrumb","itemListElement":[{"@type":"ListItem","position":1,"name":"Accueil","item":"https:\/\/www.bubblydogwash.ch\/"},{"@type":"ListItem","position":2,"name":"Shop","item":"https:\/\/www.bubblydogwash.ch\/en\/shop\/"},{"@type":"ListItem","position":3,"name":"Tic-Clip"}]},{"@type":"WebSite","@id":"https:\/\/www.bubblydogwash.ch\/#website","url":"https:\/\/www.bubblydogwash.ch\/","name":"Bubbly Dogs","description":"Wash it yourself","publisher":{"@id":"https:\/\/www.bubblydogwash.ch\/#organization"},"potentialAction":[{"@type":"SearchAction","target":{"@type":"EntryPoint","urlTemplate":"https:\/\/www.bubblydogwash.ch\/?s={search_term_string}"},"query-input":"required name=search_term_string"}],"inLanguage":"en-US"},{"@type":"Organization","@id":"https:\/\/www.bubblydogwash.ch\/#organization","name":"Bubbly Dogs","url":"https:\/\/www.bubblydogwash.ch\/","logo":{"@type":"ImageObject","inLanguage":"en-US","@id":"https:\/\/www.bubblydogwash.ch\/#\/schema\/logo\/image\/","url":"https:\/\/www.bubblydogwash.ch\/wp-content\/uploads\/2018\/09\/logo_bubblydogs.png","contentUrl":"https:\/\/www.bubblydogwash.ch\/wp-content\/uploads\/2018\/09\/logo_bubblydogs.png","width":176,"height":176,"caption":"Bubbly Dogs"},"image":{"@id":"https:\/\/www.bubblydogwash.ch\/#\/schema\/logo\/image\/"},"sameAs":["https:\/\/www.facebook.com\/bubblydogwash\/","https:\/\/www.instagram.com\/bubbly_dogs\/"]}]}},"brands":[],"_links":{"self":[{"href":"https:\/\/www.bubblydogwash.ch\/en\/wp-json\/wp\/v2\/product\/3654","targetHints":{"allow":["GET"]}}],"collection":[{"href":"https:\/\/www.bubblydogwash.ch\/en\/wp-json\/wp\/v2\/product"}],"about":[{"href":"https:\/\/www.bubblydogwash.ch\/en\/wp-json\/wp\/v2\/types\/product"}],"replies":[{"embeddable":true,"href":"https:\/\/www.bubblydogwash.ch\/en\/wp-json\/wp\/v2\/comments?post=3654"}],"wp:featuredmedia":[{"embeddable":true,"href":"https:\/\/www.bubblydogwash.ch\/en\/wp-json\/wp\/v2\/media\/3655"}],"wp:attachment":[{"href":"https:\/\/www.bubblydogwash.ch\/en\/wp-json\/wp\/v2\/media?parent=3654"}],"wp:term":[{"taxonomy":"pwb-brand","embeddable":true,"href":"https:\/\/www.bubblydogwash.ch\/en\/wp-json\/wp\/v2\/pwb-brand?post=3654"},{"taxonomy":"product_cat","embeddable":true,"href":"https:\/\/www.bubblydogwash.ch\/en\/wp-json\/wp\/v2\/product_cat?post=3654"},{"taxonomy":"product_tag","embeddable":true,"href":"https:\/\/www.bubblydogwash.ch\/en\/wp-json\/wp\/v2\/product_tag?post=3654"}],"curies":[{"name":"wp","href":"https:\/\/api.w.org\/{rel}","templated":true}]}}