{"id":639,"date":"2018-11-06T18:13:12","date_gmt":"2018-11-06T17:13:12","guid":{"rendered":"https:\/\/www.bubblydogs.ch\/?post_type=product&#038;p=639"},"modified":"2022-11-25T00:31:40","modified_gmt":"2022-11-24T23:31:40","slug":"plaid-pour-animaux-chien-ou-chat-pour-la-maison-ou-en-voyage","status":"publish","type":"product","link":"https:\/\/www.bubblydogwash.ch\/en\/produit\/plaid-pour-animaux-chien-ou-chat-pour-la-maison-ou-en-voyage\/","title":{"rendered":"Plaid animaux"},"content":{"rendered":"<p>Plaid pour la maison et en voyage, doux et surpiqu\u00e9 munis de<br \/>\n7 aimants n\u00e9odymes de 0,12 tesla \u00e0 l&#8217;int\u00e9rieur.<br \/>\nUn support chaud pour tous les sols.<br \/>\nDimension d\u00e9roul\u00e9 : 84 x 60 cm<\/p>\n<p>&nbsp;<\/p>\n<p>&nbsp;<\/p>\n","protected":false},"excerpt":{"rendered":"<p>Votre compagnon \u00e0 quatre pattes pr\u00e9f\u00e9r\u00e9 va adorer ce plaid pour animaux surpiqu\u00e9e et incroyablement douce, de couleur bleu fonc\u00e9. Compos\u00e9e de textile m\u00e9lang\u00e9 de haute qualit\u00e9 et tr\u00e8s robuste, la couverture offre un support confortable et chaud que l\u2019on peut poser sur tous les sols.<br \/>\n\u00c0 la maison ou en d\u00e9placement, elle fournit une couchette parfaite aux chiens et aux chats qui l\u2019appr\u00e9cient \u00e9galement. La couverture pour animaux peut s\u2019enrouler sans encombrer et se porter gr\u00e2ce \u00e0 la sangle dont elle est munie, elle est donc id\u00e9ale en d\u00e9placement, par exemple dans la voiture ou lors de visites chez des amis et des connaissances.<br \/>\nElle se d\u00e9roule rapidement et offre imm\u00e9diatement au chien un endroit o\u00f9 se coucher. Cette couverture pour animaux comprend \u00e9galement sept aimants et se lave s\u00e9par\u00e9ment \u00e0 40\u00a0\u00b0C.<\/p>\n","protected":false},"featured_media":1490,"comment_status":"open","ping_status":"closed","template":"","meta":{"_exactmetrics_skip_tracking":false,"_exactmetrics_sitenote_active":false,"_exactmetrics_sitenote_note":"","_exactmetrics_sitenote_category":0},"pwb-brand":[40],"product_cat":[91],"product_tag":[61],"class_list":{"0":"post-639","1":"product","2":"type-product","3":"status-publish","4":"has-post-thumbnail","6":"pwb-brand-energetix","7":"product_cat-bien-etre","8":"product_tag-plaid","9":"product_shipping_class-bien-etre_decos","11":"first","12":"instock","13":"shipping-taxable","14":"purchasable","15":"product-type-simple"},"yoast_head":"<!-- This site is optimized with the Yoast SEO plugin v22.2 - https:\/\/yoast.com\/wordpress\/plugins\/seo\/ -->\n<title>Plaid animaux &#8226; Bubbly Dogs Bubbly Dogs Plaid animaux &#8226;<\/title>\n<meta name=\"description\" content=\"Il va adorer ce plaid pour animaux incroyablement doux qui offre un support confortable et chaud \u00e0 poser sur tous les sols, tr\u00e8s pratique en voyage. Bubbly Dogs Plaid animaux\" \/>\n<meta name=\"robots\" content=\"index, follow, max-snippet:-1, max-image-preview:large, max-video-preview:-1\" \/>\n<link rel=\"canonical\" href=\"https:\/\/www.bubblydogwash.ch\/produit\/plaid-pour-animaux-chien-ou-chat-pour-la-maison-ou-en-voyage\/\" \/>\n<meta property=\"og:locale\" content=\"en_US\" \/>\n<meta property=\"og:type\" content=\"article\" \/>\n<meta property=\"og:title\" content=\"Plaid animaux &#8226; Bubbly Dogs Bubbly Dogs Plaid animaux &#8226;\" \/>\n<meta property=\"og:description\" content=\"Il va adorer ce plaid pour animaux incroyablement doux qui offre un support confortable et chaud \u00e0 poser sur tous les sols, tr\u00e8s pratique en voyage. Bubbly Dogs Plaid animaux\" \/>\n<meta property=\"og:url\" content=\"https:\/\/www.bubblydogwash.ch\/produit\/plaid-pour-animaux-chien-ou-chat-pour-la-maison-ou-en-voyage\/\" \/>\n<meta property=\"og:site_name\" content=\"Bubbly Dogs\" \/>\n<meta property=\"article:publisher\" content=\"https:\/\/www.facebook.com\/bubblydogwash\/\" \/>\n<meta property=\"article:modified_time\" content=\"2022-11-24T23:31:40+00:00\" \/>\n<meta property=\"og:image\" content=\"https:\/\/www.bubblydogwash.ch\/wp-content\/uploads\/2018\/11\/4050-1.jpg\" \/>\n\t<meta property=\"og:image:width\" content=\"960\" \/>\n\t<meta property=\"og:image:height\" content=\"960\" \/>\n\t<meta property=\"og:image:type\" content=\"image\/jpeg\" \/>\n<meta name=\"twitter:card\" content=\"summary_large_image\" \/>\n<script type=\"application\/ld+json\" class=\"yoast-schema-graph\">{\"@context\":\"https:\/\/schema.org\",\"@graph\":[{\"@type\":\"WebPage\",\"@id\":\"https:\/\/www.bubblydogwash.ch\/produit\/plaid-pour-animaux-chien-ou-chat-pour-la-maison-ou-en-voyage\/\",\"url\":\"https:\/\/www.bubblydogwash.ch\/produit\/plaid-pour-animaux-chien-ou-chat-pour-la-maison-ou-en-voyage\/\",\"name\":\"Plaid animaux &#8226; Bubbly Dogs Bubbly Dogs Plaid animaux &#8226;\",\"isPartOf\":{\"@id\":\"https:\/\/www.bubblydogwash.ch\/#website\"},\"primaryImageOfPage\":{\"@id\":\"https:\/\/www.bubblydogwash.ch\/produit\/plaid-pour-animaux-chien-ou-chat-pour-la-maison-ou-en-voyage\/#primaryimage\"},\"image\":{\"@id\":\"https:\/\/www.bubblydogwash.ch\/produit\/plaid-pour-animaux-chien-ou-chat-pour-la-maison-ou-en-voyage\/#primaryimage\"},\"thumbnailUrl\":\"https:\/\/www.bubblydogwash.ch\/wp-content\/uploads\/2018\/11\/4050-1.jpg\",\"datePublished\":\"2018-11-06T17:13:12+00:00\",\"dateModified\":\"2022-11-24T23:31:40+00:00\",\"description\":\"Il va adorer ce plaid pour animaux incroyablement doux qui offre un support confortable et chaud \u00e0 poser sur tous les sols, tr\u00e8s pratique en voyage. Bubbly Dogs Plaid animaux\",\"breadcrumb\":{\"@id\":\"https:\/\/www.bubblydogwash.ch\/produit\/plaid-pour-animaux-chien-ou-chat-pour-la-maison-ou-en-voyage\/#breadcrumb\"},\"inLanguage\":\"en-US\",\"potentialAction\":[{\"@type\":\"ReadAction\",\"target\":[\"https:\/\/www.bubblydogwash.ch\/produit\/plaid-pour-animaux-chien-ou-chat-pour-la-maison-ou-en-voyage\/\"]}]},{\"@type\":\"ImageObject\",\"inLanguage\":\"en-US\",\"@id\":\"https:\/\/www.bubblydogwash.ch\/produit\/plaid-pour-animaux-chien-ou-chat-pour-la-maison-ou-en-voyage\/#primaryimage\",\"url\":\"https:\/\/www.bubblydogwash.ch\/wp-content\/uploads\/2018\/11\/4050-1.jpg\",\"contentUrl\":\"https:\/\/www.bubblydogwash.ch\/wp-content\/uploads\/2018\/11\/4050-1.jpg\",\"width\":960,\"height\":960,\"caption\":\"plaid de voyage\"},{\"@type\":\"BreadcrumbList\",\"@id\":\"https:\/\/www.bubblydogwash.ch\/produit\/plaid-pour-animaux-chien-ou-chat-pour-la-maison-ou-en-voyage\/#breadcrumb\",\"itemListElement\":[{\"@type\":\"ListItem\",\"position\":1,\"name\":\"Accueil\",\"item\":\"https:\/\/www.bubblydogwash.ch\/\"},{\"@type\":\"ListItem\",\"position\":2,\"name\":\"Shop\",\"item\":\"https:\/\/www.bubblydogwash.ch\/en\/shop\/\"},{\"@type\":\"ListItem\",\"position\":3,\"name\":\"Plaid animaux\"}]},{\"@type\":\"WebSite\",\"@id\":\"https:\/\/www.bubblydogwash.ch\/#website\",\"url\":\"https:\/\/www.bubblydogwash.ch\/\",\"name\":\"Bubbly Dogs\",\"description\":\"Wash it yourself\",\"publisher\":{\"@id\":\"https:\/\/www.bubblydogwash.ch\/#organization\"},\"potentialAction\":[{\"@type\":\"SearchAction\",\"target\":{\"@type\":\"EntryPoint\",\"urlTemplate\":\"https:\/\/www.bubblydogwash.ch\/?s={search_term_string}\"},\"query-input\":\"required name=search_term_string\"}],\"inLanguage\":\"en-US\"},{\"@type\":\"Organization\",\"@id\":\"https:\/\/www.bubblydogwash.ch\/#organization\",\"name\":\"Bubbly Dogs\",\"url\":\"https:\/\/www.bubblydogwash.ch\/\",\"logo\":{\"@type\":\"ImageObject\",\"inLanguage\":\"en-US\",\"@id\":\"https:\/\/www.bubblydogwash.ch\/#\/schema\/logo\/image\/\",\"url\":\"https:\/\/www.bubblydogwash.ch\/wp-content\/uploads\/2018\/09\/logo_bubblydogs.png\",\"contentUrl\":\"https:\/\/www.bubblydogwash.ch\/wp-content\/uploads\/2018\/09\/logo_bubblydogs.png\",\"width\":176,\"height\":176,\"caption\":\"Bubbly Dogs\"},\"image\":{\"@id\":\"https:\/\/www.bubblydogwash.ch\/#\/schema\/logo\/image\/\"},\"sameAs\":[\"https:\/\/www.facebook.com\/bubblydogwash\/\",\"https:\/\/www.instagram.com\/bubbly_dogs\/\"]}]}<\/script>\n<!-- \/ Yoast SEO plugin. -->","yoast_head_json":{"title":"Plaid animaux &#8226; Bubbly Dogs Bubbly Dogs Plaid animaux &#8226;","description":"Il va adorer ce plaid pour animaux incroyablement doux qui offre un support confortable et chaud \u00e0 poser sur tous les sols, tr\u00e8s pratique en voyage. Bubbly Dogs Plaid animaux","robots":{"index":"index","follow":"follow","max-snippet":"max-snippet:-1","max-image-preview":"max-image-preview:large","max-video-preview":"max-video-preview:-1"},"canonical":"https:\/\/www.bubblydogwash.ch\/produit\/plaid-pour-animaux-chien-ou-chat-pour-la-maison-ou-en-voyage\/","og_locale":"en_US","og_type":"article","og_title":"Plaid animaux &#8226; Bubbly Dogs Bubbly Dogs Plaid animaux &#8226;","og_description":"Il va adorer ce plaid pour animaux incroyablement doux qui offre un support confortable et chaud \u00e0 poser sur tous les sols, tr\u00e8s pratique en voyage. Bubbly Dogs Plaid animaux","og_url":"https:\/\/www.bubblydogwash.ch\/produit\/plaid-pour-animaux-chien-ou-chat-pour-la-maison-ou-en-voyage\/","og_site_name":"Bubbly Dogs","article_publisher":"https:\/\/www.facebook.com\/bubblydogwash\/","article_modified_time":"2022-11-24T23:31:40+00:00","og_image":[{"width":960,"height":960,"url":"https:\/\/www.bubblydogwash.ch\/wp-content\/uploads\/2018\/11\/4050-1.jpg","type":"image\/jpeg"}],"twitter_card":"summary_large_image","schema":{"@context":"https:\/\/schema.org","@graph":[{"@type":"WebPage","@id":"https:\/\/www.bubblydogwash.ch\/produit\/plaid-pour-animaux-chien-ou-chat-pour-la-maison-ou-en-voyage\/","url":"https:\/\/www.bubblydogwash.ch\/produit\/plaid-pour-animaux-chien-ou-chat-pour-la-maison-ou-en-voyage\/","name":"Plaid animaux &#8226; Bubbly Dogs Bubbly Dogs Plaid animaux &#8226;","isPartOf":{"@id":"https:\/\/www.bubblydogwash.ch\/#website"},"primaryImageOfPage":{"@id":"https:\/\/www.bubblydogwash.ch\/produit\/plaid-pour-animaux-chien-ou-chat-pour-la-maison-ou-en-voyage\/#primaryimage"},"image":{"@id":"https:\/\/www.bubblydogwash.ch\/produit\/plaid-pour-animaux-chien-ou-chat-pour-la-maison-ou-en-voyage\/#primaryimage"},"thumbnailUrl":"https:\/\/www.bubblydogwash.ch\/wp-content\/uploads\/2018\/11\/4050-1.jpg","datePublished":"2018-11-06T17:13:12+00:00","dateModified":"2022-11-24T23:31:40+00:00","description":"Il va adorer ce plaid pour animaux incroyablement doux qui offre un support confortable et chaud \u00e0 poser sur tous les sols, tr\u00e8s pratique en voyage. Bubbly Dogs Plaid animaux","breadcrumb":{"@id":"https:\/\/www.bubblydogwash.ch\/produit\/plaid-pour-animaux-chien-ou-chat-pour-la-maison-ou-en-voyage\/#breadcrumb"},"inLanguage":"en-US","potentialAction":[{"@type":"ReadAction","target":["https:\/\/www.bubblydogwash.ch\/produit\/plaid-pour-animaux-chien-ou-chat-pour-la-maison-ou-en-voyage\/"]}]},{"@type":"ImageObject","inLanguage":"en-US","@id":"https:\/\/www.bubblydogwash.ch\/produit\/plaid-pour-animaux-chien-ou-chat-pour-la-maison-ou-en-voyage\/#primaryimage","url":"https:\/\/www.bubblydogwash.ch\/wp-content\/uploads\/2018\/11\/4050-1.jpg","contentUrl":"https:\/\/www.bubblydogwash.ch\/wp-content\/uploads\/2018\/11\/4050-1.jpg","width":960,"height":960,"caption":"plaid de voyage"},{"@type":"BreadcrumbList","@id":"https:\/\/www.bubblydogwash.ch\/produit\/plaid-pour-animaux-chien-ou-chat-pour-la-maison-ou-en-voyage\/#breadcrumb","itemListElement":[{"@type":"ListItem","position":1,"name":"Accueil","item":"https:\/\/www.bubblydogwash.ch\/"},{"@type":"ListItem","position":2,"name":"Shop","item":"https:\/\/www.bubblydogwash.ch\/en\/shop\/"},{"@type":"ListItem","position":3,"name":"Plaid animaux"}]},{"@type":"WebSite","@id":"https:\/\/www.bubblydogwash.ch\/#website","url":"https:\/\/www.bubblydogwash.ch\/","name":"Bubbly Dogs","description":"Wash it yourself","publisher":{"@id":"https:\/\/www.bubblydogwash.ch\/#organization"},"potentialAction":[{"@type":"SearchAction","target":{"@type":"EntryPoint","urlTemplate":"https:\/\/www.bubblydogwash.ch\/?s={search_term_string}"},"query-input":"required name=search_term_string"}],"inLanguage":"en-US"},{"@type":"Organization","@id":"https:\/\/www.bubblydogwash.ch\/#organization","name":"Bubbly Dogs","url":"https:\/\/www.bubblydogwash.ch\/","logo":{"@type":"ImageObject","inLanguage":"en-US","@id":"https:\/\/www.bubblydogwash.ch\/#\/schema\/logo\/image\/","url":"https:\/\/www.bubblydogwash.ch\/wp-content\/uploads\/2018\/09\/logo_bubblydogs.png","contentUrl":"https:\/\/www.bubblydogwash.ch\/wp-content\/uploads\/2018\/09\/logo_bubblydogs.png","width":176,"height":176,"caption":"Bubbly Dogs"},"image":{"@id":"https:\/\/www.bubblydogwash.ch\/#\/schema\/logo\/image\/"},"sameAs":["https:\/\/www.facebook.com\/bubblydogwash\/","https:\/\/www.instagram.com\/bubbly_dogs\/"]}]}},"brands":[{"id":40,"name":"Energetix","slug":"energetix"}],"_links":{"self":[{"href":"https:\/\/www.bubblydogwash.ch\/en\/wp-json\/wp\/v2\/product\/639","targetHints":{"allow":["GET"]}}],"collection":[{"href":"https:\/\/www.bubblydogwash.ch\/en\/wp-json\/wp\/v2\/product"}],"about":[{"href":"https:\/\/www.bubblydogwash.ch\/en\/wp-json\/wp\/v2\/types\/product"}],"replies":[{"embeddable":true,"href":"https:\/\/www.bubblydogwash.ch\/en\/wp-json\/wp\/v2\/comments?post=639"}],"wp:featuredmedia":[{"embeddable":true,"href":"https:\/\/www.bubblydogwash.ch\/en\/wp-json\/wp\/v2\/media\/1490"}],"wp:attachment":[{"href":"https:\/\/www.bubblydogwash.ch\/en\/wp-json\/wp\/v2\/media?parent=639"}],"wp:term":[{"taxonomy":"pwb-brand","embeddable":true,"href":"https:\/\/www.bubblydogwash.ch\/en\/wp-json\/wp\/v2\/pwb-brand?post=639"},{"taxonomy":"product_cat","embeddable":true,"href":"https:\/\/www.bubblydogwash.ch\/en\/wp-json\/wp\/v2\/product_cat?post=639"},{"taxonomy":"product_tag","embeddable":true,"href":"https:\/\/www.bubblydogwash.ch\/en\/wp-json\/wp\/v2\/product_tag?post=639"}],"curies":[{"name":"wp","href":"https:\/\/api.w.org\/{rel}","templated":true}]}}