{"id":888,"date":"2018-12-12T00:22:32","date_gmt":"2018-12-11T23:22:32","guid":{"rendered":"https:\/\/www.bubblydogs.ch\/?post_type=product&#038;p=888"},"modified":"2022-11-25T00:26:33","modified_gmt":"2022-11-24T23:26:33","slug":"paillasson-jemako","status":"publish","type":"product","link":"https:\/\/www.bubblydogwash.ch\/en\/produit\/paillasson-jemako\/","title":{"rendered":"Paillasson"},"content":{"rendered":"<p>Coloris Noir ou Brun<br \/>\nTaille S : 62&#215;39 cm<br \/>\nTaille M : 73&#215;52 cm<br \/>\nTaille L : 122&#215;79 cm<\/p>\n","protected":false},"excerpt":{"rendered":"<p>Gr\u00e2ce \u00e0 sa nouvelle composition, la microfibre premium se distingue par un excellent pouvoir d&#8217;absorption de la salet\u00e9 et de l&#8217;humidit\u00e9 qui va vous enchanter. Le paillasson a en outre l&#8217;avantage d&#8217;\u00eatre extr\u00eamement plat, de ne pas glisser et de passer sous presque toutes les portes.<\/p>\n<p>D\u00e9p\u00eachez-vous de mettre la main sur ce must have JEMAKO !<\/p>\n<p>Coloris Noir ou Brun<br \/>\nTaille S : 62&#215;39 cm<br \/>\nTaille M : 73&#215;52 cm<br \/>\nTaille L : 122&#215;79 cm<\/p>\n","protected":false},"featured_media":923,"comment_status":"open","ping_status":"closed","template":"","meta":{"_exactmetrics_skip_tracking":false,"_exactmetrics_sitenote_active":false,"_exactmetrics_sitenote_note":"","_exactmetrics_sitenote_category":0},"pwb-brand":[43],"product_cat":[91],"product_tag":[],"class_list":{"0":"post-888","1":"product","2":"type-product","3":"status-publish","4":"has-post-thumbnail","6":"pwb-brand-jemako","7":"product_cat-bien-etre","8":"product_shipping_class-bien-etre_decos","10":"first","11":"onbackorder","12":"sale","13":"shipping-taxable","14":"purchasable","15":"product-type-variable"},"yoast_head":"<!-- This site is optimized with the Yoast SEO plugin v22.2 - https:\/\/yoast.com\/wordpress\/plugins\/seo\/ -->\n<title>LE paillasson pour la maison ! Paillasson &#8226; Bubbly Dogs<\/title>\n<meta name=\"description\" content=\"Gr\u00e2ce \u00e0 sa nouvelle composition, la microfibre premium se distingue par un excellent pouvoir d&#039;absorption de la salet\u00e9 et de l&#039;humidit\u00e9 qui va vous enchanter. Le paillasson a en outre l&#039;avantage d&#039;\u00eatre extr\u00eamement plat, de ne pas glisser et de passer sous presque toutes les portes. Bubbly Dogs Paillasson &#8226;\" \/>\n<meta name=\"robots\" content=\"index, follow, max-snippet:-1, max-image-preview:large, max-video-preview:-1\" \/>\n<link rel=\"canonical\" href=\"https:\/\/www.bubblydogwash.ch\/produit\/paillasson-jemako\/\" \/>\n<meta property=\"og:locale\" content=\"en_US\" \/>\n<meta property=\"og:type\" content=\"article\" \/>\n<meta property=\"og:title\" content=\"LE paillasson pour la maison ! Paillasson &#8226; Bubbly Dogs\" \/>\n<meta property=\"og:description\" content=\"Gr\u00e2ce \u00e0 sa nouvelle composition, la microfibre premium se distingue par un excellent pouvoir d&#039;absorption de la salet\u00e9 et de l&#039;humidit\u00e9 qui va vous enchanter. Le paillasson a en outre l&#039;avantage d&#039;\u00eatre extr\u00eamement plat, de ne pas glisser et de passer sous presque toutes les portes. Bubbly Dogs Paillasson &#8226;\" \/>\n<meta property=\"og:url\" content=\"https:\/\/www.bubblydogwash.ch\/produit\/paillasson-jemako\/\" \/>\n<meta property=\"og:site_name\" content=\"Bubbly Dogs\" \/>\n<meta property=\"article:publisher\" content=\"https:\/\/www.facebook.com\/bubblydogwash\/\" \/>\n<meta property=\"article:modified_time\" content=\"2022-11-24T23:26:33+00:00\" \/>\n<meta property=\"og:image\" content=\"https:\/\/www.bubblydogwash.ch\/wp-content\/uploads\/2018\/12\/IMG_2399.jpg\" \/>\n\t<meta property=\"og:image:width\" content=\"3024\" \/>\n\t<meta property=\"og:image:height\" content=\"4032\" \/>\n\t<meta property=\"og:image:type\" content=\"image\/jpeg\" \/>\n<meta name=\"twitter:card\" content=\"summary_large_image\" \/>\n<script type=\"application\/ld+json\" class=\"yoast-schema-graph\">{\"@context\":\"https:\/\/schema.org\",\"@graph\":[{\"@type\":\"WebPage\",\"@id\":\"https:\/\/www.bubblydogwash.ch\/produit\/paillasson-jemako\/\",\"url\":\"https:\/\/www.bubblydogwash.ch\/produit\/paillasson-jemako\/\",\"name\":\"LE paillasson pour la maison ! Paillasson &#8226; Bubbly Dogs\",\"isPartOf\":{\"@id\":\"https:\/\/www.bubblydogwash.ch\/#website\"},\"primaryImageOfPage\":{\"@id\":\"https:\/\/www.bubblydogwash.ch\/produit\/paillasson-jemako\/#primaryimage\"},\"image\":{\"@id\":\"https:\/\/www.bubblydogwash.ch\/produit\/paillasson-jemako\/#primaryimage\"},\"thumbnailUrl\":\"https:\/\/www.bubblydogwash.ch\/wp-content\/uploads\/2018\/12\/IMG_2399.jpg\",\"datePublished\":\"2018-12-11T23:22:32+00:00\",\"dateModified\":\"2022-11-24T23:26:33+00:00\",\"description\":\"Gr\u00e2ce \u00e0 sa nouvelle composition, la microfibre premium se distingue par un excellent pouvoir d'absorption de la salet\u00e9 et de l'humidit\u00e9 qui va vous enchanter. Le paillasson a en outre l'avantage d'\u00eatre extr\u00eamement plat, de ne pas glisser et de passer sous presque toutes les portes. Bubbly Dogs Paillasson &#8226;\",\"breadcrumb\":{\"@id\":\"https:\/\/www.bubblydogwash.ch\/produit\/paillasson-jemako\/#breadcrumb\"},\"inLanguage\":\"en-US\",\"potentialAction\":[{\"@type\":\"ReadAction\",\"target\":[\"https:\/\/www.bubblydogwash.ch\/produit\/paillasson-jemako\/\"]}]},{\"@type\":\"ImageObject\",\"inLanguage\":\"en-US\",\"@id\":\"https:\/\/www.bubblydogwash.ch\/produit\/paillasson-jemako\/#primaryimage\",\"url\":\"https:\/\/www.bubblydogwash.ch\/wp-content\/uploads\/2018\/12\/IMG_2399.jpg\",\"contentUrl\":\"https:\/\/www.bubblydogwash.ch\/wp-content\/uploads\/2018\/12\/IMG_2399.jpg\",\"width\":3024,\"height\":4032},{\"@type\":\"BreadcrumbList\",\"@id\":\"https:\/\/www.bubblydogwash.ch\/produit\/paillasson-jemako\/#breadcrumb\",\"itemListElement\":[{\"@type\":\"ListItem\",\"position\":1,\"name\":\"Accueil\",\"item\":\"https:\/\/www.bubblydogwash.ch\/\"},{\"@type\":\"ListItem\",\"position\":2,\"name\":\"Shop\",\"item\":\"https:\/\/www.bubblydogwash.ch\/en\/shop\/\"},{\"@type\":\"ListItem\",\"position\":3,\"name\":\"Paillasson\"}]},{\"@type\":\"WebSite\",\"@id\":\"https:\/\/www.bubblydogwash.ch\/#website\",\"url\":\"https:\/\/www.bubblydogwash.ch\/\",\"name\":\"Bubbly Dogs\",\"description\":\"Wash it yourself\",\"publisher\":{\"@id\":\"https:\/\/www.bubblydogwash.ch\/#organization\"},\"potentialAction\":[{\"@type\":\"SearchAction\",\"target\":{\"@type\":\"EntryPoint\",\"urlTemplate\":\"https:\/\/www.bubblydogwash.ch\/?s={search_term_string}\"},\"query-input\":\"required name=search_term_string\"}],\"inLanguage\":\"en-US\"},{\"@type\":\"Organization\",\"@id\":\"https:\/\/www.bubblydogwash.ch\/#organization\",\"name\":\"Bubbly Dogs\",\"url\":\"https:\/\/www.bubblydogwash.ch\/\",\"logo\":{\"@type\":\"ImageObject\",\"inLanguage\":\"en-US\",\"@id\":\"https:\/\/www.bubblydogwash.ch\/#\/schema\/logo\/image\/\",\"url\":\"https:\/\/www.bubblydogwash.ch\/wp-content\/uploads\/2018\/09\/logo_bubblydogs.png\",\"contentUrl\":\"https:\/\/www.bubblydogwash.ch\/wp-content\/uploads\/2018\/09\/logo_bubblydogs.png\",\"width\":176,\"height\":176,\"caption\":\"Bubbly Dogs\"},\"image\":{\"@id\":\"https:\/\/www.bubblydogwash.ch\/#\/schema\/logo\/image\/\"},\"sameAs\":[\"https:\/\/www.facebook.com\/bubblydogwash\/\",\"https:\/\/www.instagram.com\/bubbly_dogs\/\"]}]}<\/script>\n<!-- \/ Yoast SEO plugin. -->","yoast_head_json":{"title":"LE paillasson pour la maison ! Paillasson &#8226; Bubbly Dogs","description":"Gr\u00e2ce \u00e0 sa nouvelle composition, la microfibre premium se distingue par un excellent pouvoir d'absorption de la salet\u00e9 et de l'humidit\u00e9 qui va vous enchanter. Le paillasson a en outre l'avantage d'\u00eatre extr\u00eamement plat, de ne pas glisser et de passer sous presque toutes les portes. Bubbly Dogs Paillasson &#8226;","robots":{"index":"index","follow":"follow","max-snippet":"max-snippet:-1","max-image-preview":"max-image-preview:large","max-video-preview":"max-video-preview:-1"},"canonical":"https:\/\/www.bubblydogwash.ch\/produit\/paillasson-jemako\/","og_locale":"en_US","og_type":"article","og_title":"LE paillasson pour la maison ! Paillasson &#8226; Bubbly Dogs","og_description":"Gr\u00e2ce \u00e0 sa nouvelle composition, la microfibre premium se distingue par un excellent pouvoir d'absorption de la salet\u00e9 et de l'humidit\u00e9 qui va vous enchanter. Le paillasson a en outre l'avantage d'\u00eatre extr\u00eamement plat, de ne pas glisser et de passer sous presque toutes les portes. Bubbly Dogs Paillasson &#8226;","og_url":"https:\/\/www.bubblydogwash.ch\/produit\/paillasson-jemako\/","og_site_name":"Bubbly Dogs","article_publisher":"https:\/\/www.facebook.com\/bubblydogwash\/","article_modified_time":"2022-11-24T23:26:33+00:00","og_image":[{"width":3024,"height":4032,"url":"https:\/\/www.bubblydogwash.ch\/wp-content\/uploads\/2018\/12\/IMG_2399.jpg","type":"image\/jpeg"}],"twitter_card":"summary_large_image","schema":{"@context":"https:\/\/schema.org","@graph":[{"@type":"WebPage","@id":"https:\/\/www.bubblydogwash.ch\/produit\/paillasson-jemako\/","url":"https:\/\/www.bubblydogwash.ch\/produit\/paillasson-jemako\/","name":"LE paillasson pour la maison ! Paillasson &#8226; Bubbly Dogs","isPartOf":{"@id":"https:\/\/www.bubblydogwash.ch\/#website"},"primaryImageOfPage":{"@id":"https:\/\/www.bubblydogwash.ch\/produit\/paillasson-jemako\/#primaryimage"},"image":{"@id":"https:\/\/www.bubblydogwash.ch\/produit\/paillasson-jemako\/#primaryimage"},"thumbnailUrl":"https:\/\/www.bubblydogwash.ch\/wp-content\/uploads\/2018\/12\/IMG_2399.jpg","datePublished":"2018-12-11T23:22:32+00:00","dateModified":"2022-11-24T23:26:33+00:00","description":"Gr\u00e2ce \u00e0 sa nouvelle composition, la microfibre premium se distingue par un excellent pouvoir d'absorption de la salet\u00e9 et de l'humidit\u00e9 qui va vous enchanter. Le paillasson a en outre l'avantage d'\u00eatre extr\u00eamement plat, de ne pas glisser et de passer sous presque toutes les portes. Bubbly Dogs Paillasson &#8226;","breadcrumb":{"@id":"https:\/\/www.bubblydogwash.ch\/produit\/paillasson-jemako\/#breadcrumb"},"inLanguage":"en-US","potentialAction":[{"@type":"ReadAction","target":["https:\/\/www.bubblydogwash.ch\/produit\/paillasson-jemako\/"]}]},{"@type":"ImageObject","inLanguage":"en-US","@id":"https:\/\/www.bubblydogwash.ch\/produit\/paillasson-jemako\/#primaryimage","url":"https:\/\/www.bubblydogwash.ch\/wp-content\/uploads\/2018\/12\/IMG_2399.jpg","contentUrl":"https:\/\/www.bubblydogwash.ch\/wp-content\/uploads\/2018\/12\/IMG_2399.jpg","width":3024,"height":4032},{"@type":"BreadcrumbList","@id":"https:\/\/www.bubblydogwash.ch\/produit\/paillasson-jemako\/#breadcrumb","itemListElement":[{"@type":"ListItem","position":1,"name":"Accueil","item":"https:\/\/www.bubblydogwash.ch\/"},{"@type":"ListItem","position":2,"name":"Shop","item":"https:\/\/www.bubblydogwash.ch\/en\/shop\/"},{"@type":"ListItem","position":3,"name":"Paillasson"}]},{"@type":"WebSite","@id":"https:\/\/www.bubblydogwash.ch\/#website","url":"https:\/\/www.bubblydogwash.ch\/","name":"Bubbly Dogs","description":"Wash it yourself","publisher":{"@id":"https:\/\/www.bubblydogwash.ch\/#organization"},"potentialAction":[{"@type":"SearchAction","target":{"@type":"EntryPoint","urlTemplate":"https:\/\/www.bubblydogwash.ch\/?s={search_term_string}"},"query-input":"required name=search_term_string"}],"inLanguage":"en-US"},{"@type":"Organization","@id":"https:\/\/www.bubblydogwash.ch\/#organization","name":"Bubbly Dogs","url":"https:\/\/www.bubblydogwash.ch\/","logo":{"@type":"ImageObject","inLanguage":"en-US","@id":"https:\/\/www.bubblydogwash.ch\/#\/schema\/logo\/image\/","url":"https:\/\/www.bubblydogwash.ch\/wp-content\/uploads\/2018\/09\/logo_bubblydogs.png","contentUrl":"https:\/\/www.bubblydogwash.ch\/wp-content\/uploads\/2018\/09\/logo_bubblydogs.png","width":176,"height":176,"caption":"Bubbly Dogs"},"image":{"@id":"https:\/\/www.bubblydogwash.ch\/#\/schema\/logo\/image\/"},"sameAs":["https:\/\/www.facebook.com\/bubblydogwash\/","https:\/\/www.instagram.com\/bubbly_dogs\/"]}]}},"brands":[{"id":43,"name":"Jemako","slug":"jemako"}],"_links":{"self":[{"href":"https:\/\/www.bubblydogwash.ch\/en\/wp-json\/wp\/v2\/product\/888","targetHints":{"allow":["GET"]}}],"collection":[{"href":"https:\/\/www.bubblydogwash.ch\/en\/wp-json\/wp\/v2\/product"}],"about":[{"href":"https:\/\/www.bubblydogwash.ch\/en\/wp-json\/wp\/v2\/types\/product"}],"replies":[{"embeddable":true,"href":"https:\/\/www.bubblydogwash.ch\/en\/wp-json\/wp\/v2\/comments?post=888"}],"wp:featuredmedia":[{"embeddable":true,"href":"https:\/\/www.bubblydogwash.ch\/en\/wp-json\/wp\/v2\/media\/923"}],"wp:attachment":[{"href":"https:\/\/www.bubblydogwash.ch\/en\/wp-json\/wp\/v2\/media?parent=888"}],"wp:term":[{"taxonomy":"pwb-brand","embeddable":true,"href":"https:\/\/www.bubblydogwash.ch\/en\/wp-json\/wp\/v2\/pwb-brand?post=888"},{"taxonomy":"product_cat","embeddable":true,"href":"https:\/\/www.bubblydogwash.ch\/en\/wp-json\/wp\/v2\/product_cat?post=888"},{"taxonomy":"product_tag","embeddable":true,"href":"https:\/\/www.bubblydogwash.ch\/en\/wp-json\/wp\/v2\/product_tag?post=888"}],"curies":[{"name":"wp","href":"https:\/\/api.w.org\/{rel}","templated":true}]}}